{"id":20816,"date":"2025-07-03T10:41:39","date_gmt":"2025-07-03T08:41:39","guid":{"rendered":"https:\/\/seggelke-staging.sech-dev.de\/?post_type=product&#038;p=20816"},"modified":"2025-09-12T15:53:16","modified_gmt":"2025-09-12T13:53:16","slug":"kodama-ii-bb-french-kopie","status":"publish","type":"product","link":"https:\/\/seggelke-staging.sech-dev.de\/en\/product\/kodama-ii-bb-french-kopie\/","title":{"rendered":"Bonade ligature"},"content":{"rendered":"","protected":false},"excerpt":{"rendered":"<ul>\n<li>Ligature from H\u00e9rouard &amp; B\u00e9nard, Bonade model<\/li>\n<li>for French mouthpiece body<\/li>\n<li>gold plated<\/li>\n<li>Made of metal with two screws<\/li>\n<li>Supplied without capsule<\/li>\n<\/ul>\n","protected":false},"featured_media":21948,"template":"","meta":{"_acf_changed":false},"product_brand":[],"product_cat":[357,617,210],"product_tag":[],"class_list":{"0":"post-20816","1":"product","2":"type-product","3":"status-publish","4":"has-post-thumbnail","6":"product_cat-ligatures-en","7":"product_cat-rs-accessories-sale","8":"product_cat-accessories","9":"product_shipping_class-parcel-shipping","10":"pa_stimmung-for-bb-clarinet","11":"pa_stimmung-for-a-clarinet","12":"pa_veredelung-gold-plated-mechanics","14":"first","15":"instock","16":"taxable","17":"shipping-taxable","18":"purchasable","19":"product-type-simple"},"acf":[],"yoast_head":"<!-- This site is optimized with the Yoast SEO plugin v27.2 - https:\/\/yoast.com\/product\/yoast-seo-wordpress\/ -->\n<title>H\u00e9rouard &amp; B\u00e9nard Bonade ligature - Seggelke Klarinetten GmbH | Bamberg<\/title>\n<meta name=\"description\" content=\"Ligature from H\u00e9rouard &amp; B\u00e9nard, Bonade model  for French mouthpiece body  gold plated  Made of metal with two screws  Supplied without capsule for Boehm clarinet in Bb, Bonade model, gold-plated metal with two screws\" \/>\n<meta name=\"robots\" content=\"index, follow, max-snippet:-1, max-image-preview:large, max-video-preview:-1\" \/>\n<link rel=\"canonical\" href=\"https:\/\/seggelke-staging.sech-dev.de\/en\/product\/kodama-ii-bb-french-kopie\/\" \/>\n<meta property=\"og:locale\" content=\"en_US\" \/>\n<meta property=\"og:type\" content=\"article\" \/>\n<meta property=\"og:title\" content=\"H\u00e9rouard &amp; B\u00e9nard Bonade ligature - Seggelke Klarinetten GmbH | Bamberg\" \/>\n<meta property=\"og:description\" content=\"Ligature from H\u00e9rouard &amp; B\u00e9nard, Bonade model  for French mouthpiece body  gold plated  Made of metal with two screws  Supplied without capsule for Boehm clarinet in Bb, Bonade model, gold-plated metal with two screws\" \/>\n<meta property=\"og:url\" content=\"https:\/\/seggelke-staging.sech-dev.de\/en\/product\/kodama-ii-bb-french-kopie\/\" \/>\n<meta property=\"og:site_name\" content=\"Seggelke Klarinetten GmbH | Bamberg\" \/>\n<meta property=\"article:modified_time\" content=\"2025-09-12T13:53:16+00:00\" \/>\n<meta property=\"og:image\" content=\"https:\/\/seggelke-staging.sech-dev.de\/wp-content\/uploads\/2025\/08\/bonade.zip-3.jpg\" \/>\n\t<meta property=\"og:image:width\" content=\"1080\" \/>\n\t<meta property=\"og:image:height\" content=\"1080\" \/>\n\t<meta property=\"og:image:type\" content=\"image\/jpeg\" \/>\n<meta name=\"twitter:card\" content=\"summary_large_image\" \/>\n<script type=\"application\/ld+json\" class=\"yoast-schema-graph\">{\"@context\":\"https:\/\/schema.org\",\"@graph\":[{\"@type\":\"WebPage\",\"@id\":\"https:\/\/seggelke-staging.sech-dev.de\/en\/product\/kodama-ii-bb-french-kopie\/\",\"url\":\"https:\/\/seggelke-staging.sech-dev.de\/en\/product\/kodama-ii-bb-french-kopie\/\",\"name\":\"H\u00e9rouard & B\u00e9nard Bonade ligature - Seggelke Klarinetten GmbH | Bamberg\",\"isPartOf\":{\"@id\":\"https:\/\/seggelke-staging.sech-dev.de\/en\/#website\"},\"primaryImageOfPage\":{\"@id\":\"https:\/\/seggelke-staging.sech-dev.de\/en\/product\/kodama-ii-bb-french-kopie\/#primaryimage\"},\"image\":{\"@id\":\"https:\/\/seggelke-staging.sech-dev.de\/en\/product\/kodama-ii-bb-french-kopie\/#primaryimage\"},\"thumbnailUrl\":\"https:\/\/seggelke-staging.sech-dev.de\/wp-content\/uploads\/2025\/08\/bonade.zip-3.jpg\",\"datePublished\":\"2025-07-03T08:41:39+00:00\",\"dateModified\":\"2025-09-12T13:53:16+00:00\",\"description\":\"Ligature from H\u00e9rouard &amp; B\u00e9nard, Bonade model for French mouthpiece body gold plated Made of metal with two screws Supplied without capsule for Boehm clarinet in Bb, Bonade model, gold-plated metal with two screws\",\"breadcrumb\":{\"@id\":\"https:\/\/seggelke-staging.sech-dev.de\/en\/product\/kodama-ii-bb-french-kopie\/#breadcrumb\"},\"inLanguage\":\"en-US\",\"potentialAction\":[{\"@type\":\"ReadAction\",\"target\":[\"https:\/\/seggelke-staging.sech-dev.de\/en\/product\/kodama-ii-bb-french-kopie\/\"]}]},{\"@type\":\"ImageObject\",\"inLanguage\":\"en-US\",\"@id\":\"https:\/\/seggelke-staging.sech-dev.de\/en\/product\/kodama-ii-bb-french-kopie\/#primaryimage\",\"url\":\"https:\/\/seggelke-staging.sech-dev.de\/wp-content\/uploads\/2025\/08\/bonade.zip-3.jpg\",\"contentUrl\":\"https:\/\/seggelke-staging.sech-dev.de\/wp-content\/uploads\/2025\/08\/bonade.zip-3.jpg\",\"width\":1080,\"height\":1080},{\"@type\":\"BreadcrumbList\",\"@id\":\"https:\/\/seggelke-staging.sech-dev.de\/en\/product\/kodama-ii-bb-french-kopie\/#breadcrumb\",\"itemListElement\":[{\"@type\":\"ListItem\",\"position\":1,\"name\":\"Seggelke Klarinetten\",\"item\":\"https:\/\/seggelke-staging.sech-dev.de\/en\/\"},{\"@type\":\"ListItem\",\"position\":2,\"name\":\"Online Shop\",\"item\":\"https:\/\/seggelke-staging.sech-dev.de\/en\/online-shop\/\"},{\"@type\":\"ListItem\",\"position\":3,\"name\":\"Bonade ligature\"}]},{\"@type\":\"WebSite\",\"@id\":\"https:\/\/seggelke-staging.sech-dev.de\/en\/#website\",\"url\":\"https:\/\/seggelke-staging.sech-dev.de\/en\/\",\"name\":\"Seggelke Klarinetten GmbH | Bamberg\",\"description\":\"\",\"publisher\":{\"@id\":\"https:\/\/seggelke-staging.sech-dev.de\/en\/#organization\"},\"potentialAction\":[{\"@type\":\"SearchAction\",\"target\":{\"@type\":\"EntryPoint\",\"urlTemplate\":\"https:\/\/seggelke-staging.sech-dev.de\/en\/?s={search_term_string}\"},\"query-input\":{\"@type\":\"PropertyValueSpecification\",\"valueRequired\":true,\"valueName\":\"search_term_string\"}}],\"inLanguage\":\"en-US\"},{\"@type\":\"Organization\",\"@id\":\"https:\/\/seggelke-staging.sech-dev.de\/en\/#organization\",\"name\":\"Seggelke Klarinetten\",\"url\":\"https:\/\/seggelke-staging.sech-dev.de\/en\/\",\"logo\":{\"@type\":\"ImageObject\",\"inLanguage\":\"en-US\",\"@id\":\"https:\/\/seggelke-staging.sech-dev.de\/en\/#\/schema\/logo\/image\/\",\"url\":\"https:\/\/seggelke-staging.sech-dev.de\/wp-content\/uploads\/2021\/12\/SEGGELKE_LOGO_SCHWARZ.png\",\"contentUrl\":\"https:\/\/seggelke-staging.sech-dev.de\/wp-content\/uploads\/2021\/12\/SEGGELKE_LOGO_SCHWARZ.png\",\"width\":880,\"height\":200,\"caption\":\"Seggelke Klarinetten\"},\"image\":{\"@id\":\"https:\/\/seggelke-staging.sech-dev.de\/en\/#\/schema\/logo\/image\/\"}}]}<\/script>\n<!-- \/ Yoast SEO plugin. -->","yoast_head_json":{"title":"H\u00e9rouard & B\u00e9nard Bonade ligature - Seggelke Klarinetten GmbH | Bamberg","description":"Ligature from H\u00e9rouard &amp; B\u00e9nard, Bonade model  for French mouthpiece body  gold plated  Made of metal with two screws  Supplied without capsule for Boehm clarinet in Bb, Bonade model, gold-plated metal with two screws","robots":{"index":"index","follow":"follow","max-snippet":"max-snippet:-1","max-image-preview":"max-image-preview:large","max-video-preview":"max-video-preview:-1"},"canonical":"https:\/\/seggelke-staging.sech-dev.de\/en\/product\/kodama-ii-bb-french-kopie\/","og_locale":"en_US","og_type":"article","og_title":"H\u00e9rouard & B\u00e9nard Bonade ligature - Seggelke Klarinetten GmbH | Bamberg","og_description":"Ligature from H\u00e9rouard &amp; B\u00e9nard, Bonade model  for French mouthpiece body  gold plated  Made of metal with two screws  Supplied without capsule for Boehm clarinet in Bb, Bonade model, gold-plated metal with two screws","og_url":"https:\/\/seggelke-staging.sech-dev.de\/en\/product\/kodama-ii-bb-french-kopie\/","og_site_name":"Seggelke Klarinetten GmbH | Bamberg","article_modified_time":"2025-09-12T13:53:16+00:00","og_image":[{"width":1080,"height":1080,"url":"https:\/\/seggelke-staging.sech-dev.de\/wp-content\/uploads\/2025\/08\/bonade.zip-3.jpg","type":"image\/jpeg"}],"twitter_card":"summary_large_image","schema":{"@context":"https:\/\/schema.org","@graph":[{"@type":"WebPage","@id":"https:\/\/seggelke-staging.sech-dev.de\/en\/product\/kodama-ii-bb-french-kopie\/","url":"https:\/\/seggelke-staging.sech-dev.de\/en\/product\/kodama-ii-bb-french-kopie\/","name":"H\u00e9rouard & B\u00e9nard Bonade ligature - Seggelke Klarinetten GmbH | Bamberg","isPartOf":{"@id":"https:\/\/seggelke-staging.sech-dev.de\/en\/#website"},"primaryImageOfPage":{"@id":"https:\/\/seggelke-staging.sech-dev.de\/en\/product\/kodama-ii-bb-french-kopie\/#primaryimage"},"image":{"@id":"https:\/\/seggelke-staging.sech-dev.de\/en\/product\/kodama-ii-bb-french-kopie\/#primaryimage"},"thumbnailUrl":"https:\/\/seggelke-staging.sech-dev.de\/wp-content\/uploads\/2025\/08\/bonade.zip-3.jpg","datePublished":"2025-07-03T08:41:39+00:00","dateModified":"2025-09-12T13:53:16+00:00","description":"Ligature from H\u00e9rouard &amp; B\u00e9nard, Bonade model for French mouthpiece body gold plated Made of metal with two screws Supplied without capsule for Boehm clarinet in Bb, Bonade model, gold-plated metal with two screws","breadcrumb":{"@id":"https:\/\/seggelke-staging.sech-dev.de\/en\/product\/kodama-ii-bb-french-kopie\/#breadcrumb"},"inLanguage":"en-US","potentialAction":[{"@type":"ReadAction","target":["https:\/\/seggelke-staging.sech-dev.de\/en\/product\/kodama-ii-bb-french-kopie\/"]}]},{"@type":"ImageObject","inLanguage":"en-US","@id":"https:\/\/seggelke-staging.sech-dev.de\/en\/product\/kodama-ii-bb-french-kopie\/#primaryimage","url":"https:\/\/seggelke-staging.sech-dev.de\/wp-content\/uploads\/2025\/08\/bonade.zip-3.jpg","contentUrl":"https:\/\/seggelke-staging.sech-dev.de\/wp-content\/uploads\/2025\/08\/bonade.zip-3.jpg","width":1080,"height":1080},{"@type":"BreadcrumbList","@id":"https:\/\/seggelke-staging.sech-dev.de\/en\/product\/kodama-ii-bb-french-kopie\/#breadcrumb","itemListElement":[{"@type":"ListItem","position":1,"name":"Seggelke Klarinetten","item":"https:\/\/seggelke-staging.sech-dev.de\/en\/"},{"@type":"ListItem","position":2,"name":"Online Shop","item":"https:\/\/seggelke-staging.sech-dev.de\/en\/online-shop\/"},{"@type":"ListItem","position":3,"name":"Bonade ligature"}]},{"@type":"WebSite","@id":"https:\/\/seggelke-staging.sech-dev.de\/en\/#website","url":"https:\/\/seggelke-staging.sech-dev.de\/en\/","name":"Seggelke Klarinetten GmbH | Bamberg","description":"","publisher":{"@id":"https:\/\/seggelke-staging.sech-dev.de\/en\/#organization"},"potentialAction":[{"@type":"SearchAction","target":{"@type":"EntryPoint","urlTemplate":"https:\/\/seggelke-staging.sech-dev.de\/en\/?s={search_term_string}"},"query-input":{"@type":"PropertyValueSpecification","valueRequired":true,"valueName":"search_term_string"}}],"inLanguage":"en-US"},{"@type":"Organization","@id":"https:\/\/seggelke-staging.sech-dev.de\/en\/#organization","name":"Seggelke Klarinetten","url":"https:\/\/seggelke-staging.sech-dev.de\/en\/","logo":{"@type":"ImageObject","inLanguage":"en-US","@id":"https:\/\/seggelke-staging.sech-dev.de\/en\/#\/schema\/logo\/image\/","url":"https:\/\/seggelke-staging.sech-dev.de\/wp-content\/uploads\/2021\/12\/SEGGELKE_LOGO_SCHWARZ.png","contentUrl":"https:\/\/seggelke-staging.sech-dev.de\/wp-content\/uploads\/2021\/12\/SEGGELKE_LOGO_SCHWARZ.png","width":880,"height":200,"caption":"Seggelke Klarinetten"},"image":{"@id":"https:\/\/seggelke-staging.sech-dev.de\/en\/#\/schema\/logo\/image\/"}}]}},"_links":{"self":[{"href":"https:\/\/seggelke-staging.sech-dev.de\/en\/wp-json\/wp\/v2\/product\/20816","targetHints":{"allow":["GET"]}}],"collection":[{"href":"https:\/\/seggelke-staging.sech-dev.de\/en\/wp-json\/wp\/v2\/product"}],"about":[{"href":"https:\/\/seggelke-staging.sech-dev.de\/en\/wp-json\/wp\/v2\/types\/product"}],"wp:featuredmedia":[{"embeddable":true,"href":"https:\/\/seggelke-staging.sech-dev.de\/en\/wp-json\/wp\/v2\/media\/21948"}],"wp:attachment":[{"href":"https:\/\/seggelke-staging.sech-dev.de\/en\/wp-json\/wp\/v2\/media?parent=20816"}],"wp:term":[{"taxonomy":"product_brand","embeddable":true,"href":"https:\/\/seggelke-staging.sech-dev.de\/en\/wp-json\/wp\/v2\/product_brand?post=20816"},{"taxonomy":"product_cat","embeddable":true,"href":"https:\/\/seggelke-staging.sech-dev.de\/en\/wp-json\/wp\/v2\/product_cat?post=20816"},{"taxonomy":"product_tag","embeddable":true,"href":"https:\/\/seggelke-staging.sech-dev.de\/en\/wp-json\/wp\/v2\/product_tag?post=20816"}],"curies":[{"name":"wp","href":"https:\/\/api.w.org\/{rel}","templated":true}]}}